{"id":19,"date":"2023-06-24T23:17:11","date_gmt":"2023-06-24T23:17:11","guid":{"rendered":"https:\/\/muelconrasmia.net\/?page_id=19"},"modified":"2023-06-24T23:17:11","modified_gmt":"2023-06-24T23:17:11","slug":"quienes-somos","status":"publish","type":"page","link":"https:\/\/muelconrasmia.net\/?page_id=19","title":{"rendered":"\u00bfQuienes somos?"},"content":{"rendered":"\n<p><strong>\u00bfQu\u00e9 es Muel con rasmia?<br><\/strong>Es un proyecto en torno al cual nos reunimos un grupo diverso de vecinos y vecinas de Muel con una mirada diferente hacia nuestro pueblo y, sobre todo, preocupadas por hacer pol\u00edtica bas\u00e1ndonos en pilares como la transparencia y la comunicaci\u00f3n fluida con el resto del vecindario. No tenemos compromiso alguno con ning\u00fan partido pol\u00edtico y estamos formando una agrupaci\u00f3n electoral con el deseo de trabajar por lo com\u00fan, de forma participativa y asamblearia. Muel con rasmia no es solo una lista electoral puesto que el grupo que sostiene a la candidatura est\u00e1 compuesto por muchas m\u00e1s personas que las que van a figurar en la lista.<\/p>\n\n\n\n<p><br><strong>\u00bfPor qu\u00e9 dais el paso electoral?<br><\/strong>La figura de la agrupaci\u00f3n electoral ya ha tenido presencia en el panorama pol\u00edtico de Muel de anteriores legislaturas. Muel con rasmia suma a esta experiencia un car\u00e1cter asambleario y participativo que consideramos fundamental para que la representaci\u00f3n y la toma de decisiones se haga desde la diversidad y el consenso. En concreto, la presentaci\u00f3n de la candidatura de Muel con rasmia en estas elecciones municipales responde a la evoluci\u00f3n org\u00e1nica de una asamblea de personas del pueblo preocupadas por su estado actual y tambi\u00e9n por su futuro. Se trata, pues, de la materializaci\u00f3n del trabajo de reflexi\u00f3n colectiva de esta asamblea en la que nueve de sus integrantes han decidido sacar adelante esta candidatura.<\/p>\n\n\n\n<p><br><strong>\u00bfQu\u00e9 diferencia a Muel con rasmia de otras formaciones?<br><\/strong>Muel con rasmia no nace bajo las siglas de ning\u00fan partido, sino que la candidatura consiste en una agrupaci\u00f3n ciudadana que cuenta con el apoyo de la asamblea a partir de la que ha nacido. Es en ella donde se toman las decisiones y tambi\u00e9n son sus miembros quienes se reparten las tareas. Tenemos un inter\u00e9s exclusivo por el municipio, no tenemos que cumplir con ning\u00fan tipo de agenda pol\u00edtica ajena a los intereses de Muel.<\/p>\n\n\n\n<p><br><strong>\u00bfQu\u00e9 propon\u00e9is para el nuevo ciclo electoral? \u00bfQu\u00e9 objetivos os marc\u00e1is?<\/strong><br>Deseamos \u201cconocer\u201d para poder \u201ccontar\u201d y de esta forma hacer posible la participaci\u00f3n. No creemos en las f\u00f3rmulas tradicionales de gobierno en las que un grupo de personas concejales acompa\u00f1adas por un alcalde o alcaldesa, elegidas en una votaci\u00f3n cada cuatro a\u00f1os, se re\u00fanen en plenos y consejos y deciden durante todo ese tiempo sin preguntar, sin abrir un debate, sin consensuar con el vecindario. Somos mucho m\u00e1s que una opci\u00f3n de voto cada cuatro a\u00f1os. Un ejemplo es que proponemos \u201cno prometer\u201d lo que no tenemos seguridad de poder cumplir. Llegamos a las elecciones con un conjunto de ideas y preocupaciones, de temas de inter\u00e9s para las personas que vivimos en Muel.<br>Esto lo hemos conseguido con varias sesiones participativas donde se han sumado muchas voces. Se habla de la atenci\u00f3n a las personas mayores, de la preocupaci\u00f3n por la instalaci\u00f3n masiva en nuestro t\u00e9rmino municipal de placas y aerogeneradores, se habla de los usos del parque, del transporte p\u00fablico, de la falta de espacio en el colegio\u2026 Conocer el estado de las arcas municipales, los compromisos econ\u00f3micos que se hayan asumido, es fundamental para poder valorar qu\u00e9 recursos tenemos a nuestro alcance para ir haciendo. Pero para eso hay que estar dentro. En todo caso lo que s\u00ed podemos asegurar es que la transparencia, la participaci\u00f3n, la escucha activa y respetuosa, el consenso\u2026 que todo ello est\u00e1 en nuestro ADN.<\/p>\n\n\n\n<p>Extracto sacado de la entrevista de presentaci\u00f3n en <a href=\"https:\/\/arainfo.org\/entrevista-muel-con-rasm\" target=\"_blank\" rel=\"noreferrer noopener\">Arainfo<\/a><\/p>\n","protected":false},"excerpt":{"rendered":"<p>\u00bfQu\u00e9 es Muel con rasmia?Es un proyecto en torno al cual nos reunimos un grupo diverso de vecinos y vecinas de Muel con una mirada diferente hacia nuestro pueblo y, sobre todo, preocupadas por hacer pol\u00edtica bas\u00e1ndonos en pilares como la transparencia y la comunicaci\u00f3n fluida con el resto del vecindario. No tenemos compromiso alguno con ning\u00fan partido pol\u00edtico y estamos formando una agrupaci\u00f3n electoral con el deseo de trabajar por lo com\u00fan, de forma participativa y asamblearia. Muel con rasmia no es solo una lista electoral puesto que el grupo que sostiene a la candidatura est\u00e1 compuesto por muchas<\/p>\n","protected":false},"author":2,"featured_media":0,"parent":0,"menu_order":0,"comment_status":"closed","ping_status":"closed","template":"","meta":{"footnotes":""},"class_list":["post-19","page","type-page","status-publish","hentry"],"yoast_head":"<!-- This site is optimized with the Yoast SEO plugin v27.5 - https:\/\/yoast.com\/product\/yoast-seo-wordpress\/ -->\n<title>\u00bfQuienes somos? -<\/title>\n<meta name=\"robots\" content=\"index, follow, max-snippet:-1, max-image-preview:large, max-video-preview:-1\" \/>\n<link rel=\"canonical\" href=\"https:\/\/muelconrasmia.net\/?page_id=19\" \/>\n<meta property=\"og:locale\" content=\"es_ES\" \/>\n<meta property=\"og:type\" content=\"article\" \/>\n<meta property=\"og:title\" content=\"\u00bfQuienes somos? -\" \/>\n<meta property=\"og:description\" content=\"\u00bfQu\u00e9 es Muel con rasmia?Es un proyecto en torno al cual nos reunimos un grupo diverso de vecinos y vecinas de Muel con una mirada diferente hacia nuestro pueblo y, sobre todo, preocupadas por hacer pol\u00edtica bas\u00e1ndonos en pilares como la transparencia y la comunicaci\u00f3n fluida con el resto del vecindario. No tenemos compromiso alguno con ning\u00fan partido pol\u00edtico y estamos formando una agrupaci\u00f3n electoral con el deseo de trabajar por lo com\u00fan, de forma participativa y asamblearia. Muel con rasmia no es solo una lista electoral puesto que el grupo que sostiene a la candidatura est\u00e1 compuesto por muchas\" \/>\n<meta property=\"og:url\" content=\"https:\/\/muelconrasmia.net\/?page_id=19\" \/>\n<meta name=\"twitter:card\" content=\"summary_large_image\" \/>\n<meta name=\"twitter:label1\" content=\"Tiempo de lectura\" \/>\n\t<meta name=\"twitter:data1\" content=\"3 minutos\" \/>\n<script type=\"application\/ld+json\" class=\"yoast-schema-graph\">{\"@context\":\"https:\\\/\\\/schema.org\",\"@graph\":[{\"@type\":\"WebPage\",\"@id\":\"https:\\\/\\\/muelconrasmia.net\\\/?page_id=19\",\"url\":\"https:\\\/\\\/muelconrasmia.net\\\/?page_id=19\",\"name\":\"\u00bfQuienes somos? -\",\"isPartOf\":{\"@id\":\"https:\\\/\\\/muelconrasmia.net\\\/#website\"},\"datePublished\":\"2023-06-24T23:17:11+00:00\",\"breadcrumb\":{\"@id\":\"https:\\\/\\\/muelconrasmia.net\\\/?page_id=19#breadcrumb\"},\"inLanguage\":\"es\",\"potentialAction\":[{\"@type\":\"ReadAction\",\"target\":[\"https:\\\/\\\/muelconrasmia.net\\\/?page_id=19\"]}]},{\"@type\":\"BreadcrumbList\",\"@id\":\"https:\\\/\\\/muelconrasmia.net\\\/?page_id=19#breadcrumb\",\"itemListElement\":[{\"@type\":\"ListItem\",\"position\":1,\"name\":\"Portada\",\"item\":\"https:\\\/\\\/muelconrasmia.net\\\/\"},{\"@type\":\"ListItem\",\"position\":2,\"name\":\"\u00bfQuienes somos?\"}]},{\"@type\":\"WebSite\",\"@id\":\"https:\\\/\\\/muelconrasmia.net\\\/#website\",\"url\":\"https:\\\/\\\/muelconrasmia.net\\\/\",\"name\":\"\",\"description\":\"\",\"potentialAction\":[{\"@type\":\"SearchAction\",\"target\":{\"@type\":\"EntryPoint\",\"urlTemplate\":\"https:\\\/\\\/muelconrasmia.net\\\/?s={search_term_string}\"},\"query-input\":{\"@type\":\"PropertyValueSpecification\",\"valueRequired\":true,\"valueName\":\"search_term_string\"}}],\"inLanguage\":\"es\"}]}<\/script>\n<!-- \/ Yoast SEO plugin. -->","yoast_head_json":{"title":"\u00bfQuienes somos? -","robots":{"index":"index","follow":"follow","max-snippet":"max-snippet:-1","max-image-preview":"max-image-preview:large","max-video-preview":"max-video-preview:-1"},"canonical":"https:\/\/muelconrasmia.net\/?page_id=19","og_locale":"es_ES","og_type":"article","og_title":"\u00bfQuienes somos? -","og_description":"\u00bfQu\u00e9 es Muel con rasmia?Es un proyecto en torno al cual nos reunimos un grupo diverso de vecinos y vecinas de Muel con una mirada diferente hacia nuestro pueblo y, sobre todo, preocupadas por hacer pol\u00edtica bas\u00e1ndonos en pilares como la transparencia y la comunicaci\u00f3n fluida con el resto del vecindario. No tenemos compromiso alguno con ning\u00fan partido pol\u00edtico y estamos formando una agrupaci\u00f3n electoral con el deseo de trabajar por lo com\u00fan, de forma participativa y asamblearia. Muel con rasmia no es solo una lista electoral puesto que el grupo que sostiene a la candidatura est\u00e1 compuesto por muchas","og_url":"https:\/\/muelconrasmia.net\/?page_id=19","twitter_card":"summary_large_image","twitter_misc":{"Tiempo de lectura":"3 minutos"},"schema":{"@context":"https:\/\/schema.org","@graph":[{"@type":"WebPage","@id":"https:\/\/muelconrasmia.net\/?page_id=19","url":"https:\/\/muelconrasmia.net\/?page_id=19","name":"\u00bfQuienes somos? -","isPartOf":{"@id":"https:\/\/muelconrasmia.net\/#website"},"datePublished":"2023-06-24T23:17:11+00:00","breadcrumb":{"@id":"https:\/\/muelconrasmia.net\/?page_id=19#breadcrumb"},"inLanguage":"es","potentialAction":[{"@type":"ReadAction","target":["https:\/\/muelconrasmia.net\/?page_id=19"]}]},{"@type":"BreadcrumbList","@id":"https:\/\/muelconrasmia.net\/?page_id=19#breadcrumb","itemListElement":[{"@type":"ListItem","position":1,"name":"Portada","item":"https:\/\/muelconrasmia.net\/"},{"@type":"ListItem","position":2,"name":"\u00bfQuienes somos?"}]},{"@type":"WebSite","@id":"https:\/\/muelconrasmia.net\/#website","url":"https:\/\/muelconrasmia.net\/","name":"","description":"","potentialAction":[{"@type":"SearchAction","target":{"@type":"EntryPoint","urlTemplate":"https:\/\/muelconrasmia.net\/?s={search_term_string}"},"query-input":{"@type":"PropertyValueSpecification","valueRequired":true,"valueName":"search_term_string"}}],"inLanguage":"es"}]}},"_links":{"self":[{"href":"https:\/\/muelconrasmia.net\/index.php?rest_route=\/wp\/v2\/pages\/19","targetHints":{"allow":["GET"]}}],"collection":[{"href":"https:\/\/muelconrasmia.net\/index.php?rest_route=\/wp\/v2\/pages"}],"about":[{"href":"https:\/\/muelconrasmia.net\/index.php?rest_route=\/wp\/v2\/types\/page"}],"author":[{"embeddable":true,"href":"https:\/\/muelconrasmia.net\/index.php?rest_route=\/wp\/v2\/users\/2"}],"replies":[{"embeddable":true,"href":"https:\/\/muelconrasmia.net\/index.php?rest_route=%2Fwp%2Fv2%2Fcomments&post=19"}],"version-history":[{"count":1,"href":"https:\/\/muelconrasmia.net\/index.php?rest_route=\/wp\/v2\/pages\/19\/revisions"}],"predecessor-version":[{"id":20,"href":"https:\/\/muelconrasmia.net\/index.php?rest_route=\/wp\/v2\/pages\/19\/revisions\/20"}],"wp:attachment":[{"href":"https:\/\/muelconrasmia.net\/index.php?rest_route=%2Fwp%2Fv2%2Fmedia&parent=19"}],"curies":[{"name":"wp","href":"https:\/\/api.w.org\/{rel}","templated":true}]}}